{"id":5197,"date":"2016-10-05T09:52:12","date_gmt":"2016-10-05T09:52:12","guid":{"rendered":"https:\/\/apen.onlinevalles.club\/?page_id=5197"},"modified":"2025-05-23T08:21:10","modified_gmt":"2025-05-23T08:21:10","slug":"impresoras-konica-minolta-barcelona","status":"publish","type":"page","link":"https:\/\/apen.onlinevalles.club\/ca\/soluciones-de-impresion\/impresoras-konica-minolta-barcelona\/","title":{"rendered":"Impressores Konica Minolta Barcelona"},"content":{"rendered":"<p>La amplia experiencia tecnol\u00f3gica de las impresoras Konica Minolta es una de las caracter\u00edsticas m\u00e1s destacadas. Es una multinacional japonesa que naci\u00f3 en 2003 por la fusi\u00f3n de las empresas Konica y Minolta, cuya historia se remonta al a\u00f1o 1873, cuando comenzaron a fabricarse materiales fotogr\u00e1ficos en&nbsp;Jap\u00f3n. De hecho, ambas empresas eran conocidas por sus aportaciones a la&nbsp;historia de la fotograf\u00eda, con avances como el enfoque manual en los a\u00f1os 60, las r\u00e9flex de enfoque autom\u00e1tico y las c\u00e1maras r\u00e9flex, en los a\u00f1os 90.<\/p>\n\n\n\n<h3 class=\"wp-block-heading\"><strong>APEN distribuidora de impresoras Konica Minolta en Barcelona<\/strong><\/h3>\n\n\n\n<p>En APEN apostamos por la impresi\u00f3n de producci\u00f3n de Konica Minolta como una de sus marcas de calidad, por su gran velocidad y versatilidad de impresi\u00f3n, siendo muy \u00fatil para las producciones digitales de alto volumen. Adem\u00e1s, Decidimos apostar por las impresoras Konica Minolta por la gesti\u00f3n unificada que ofrece, evitando errores e impresiones repetitivas, aumentando la velocidad y el rendimiento. En APEN trabajamos con Konica Minolta, entre otras marcas potentes del mercado, por sus flexibles sistemas multifuncionales a color, teniendo en cuenta que sus or\u00edgenes fueron en el mundo de la fotograf\u00eda.<\/p>\n\n\n\n<h3 class=\"wp-block-heading\"><strong>El mantenimiento t\u00e9cnico, reparaci\u00f3n y venta en Barcelona<\/strong><\/h3>\n\n\n\n<p>En APEN confiamos en las mejores marcas del mercado, para conseguir una selecci\u00f3n de los equipos m\u00e1s productivos. Desde Apen os ofrecemos el asesoramiento y consejo indispensables para instalar, en vuestro negocio, buenas pr\u00e1cticas de impresi\u00f3n y la implementaci\u00f3n de los mejores sistemas, para controlar los gastos. Gracias a un estudio previo para conocer las necesidades reales de la empresa en temas de impresi\u00f3n, conseguimos comprobar el volumen de impresi\u00f3n y obtener la mejor soluci\u00f3n para la empresa. El mantenimiento incluye la instalaci\u00f3n y configuraci\u00f3n del equipo, todos los consumibles y su gesti\u00f3n, piezas y recambios, asistencia en menos de 4 horas, pr\u00e9stamos de equipos en caso de aver\u00eda, mantenimiento preventivo, servicio de monitorizaci\u00f3n remota y reparaciones y desplazamientos.<\/p>\n\n\n\n<h3 class=\"wp-block-heading\"><strong>Servicios Funcionales: Renting y \u201cPrecio por Copia\u201d<\/strong><\/h3>\n\n\n\n<p>Nuestro departamento t\u00e9cnico ofrece el alquiler o Renting de impresoras Konica Minolta, un servicio enfocado a aquellas empresas con muchos departamentos que requieren de m\u00faltiples equipos de impresi\u00f3n, que pueden acoger-se al renting para financiar la inversi\u00f3n que supone adquirir estos equipos de gran productividad, ahorro y eficiencia.<\/p>\n\n\n\n<p>El servicio novedoso y funcional del \u201cPrecio por Copia\u201d de Apen, es un formato que consigue contribuir al ahorro de impresiones y de cartuchos de tinta de la empresa, adem\u00e1s le permite al cliente pagar s\u00f3lo por las copias que imprime. El cliente paga solo por lo que imprime y en APEN nos encargamos de instalar las impresoras necesarias y de su mantenimiento, garantizando que estas est\u00e9n siempre operativas y abasteciendo los suministros de cartuchos de tinta, eliminando los stocks de las empresas.<\/p>\n\n\n\n<h3 class=\"wp-block-heading\"><strong>\u00bfC\u00f3mo funciona el suministro de cartuchos de tinta?<\/strong><\/h3>\n\n\n\n<p>Trabajamos con un programa monitorizado desde el que controlamos que la impresora funcione correctamente y supervisamos los niveles de tinta de los cartuchos, para cambiarlos justo en el momento que sea necesario, ni antes ni despu\u00e9s. El gasto en cartuchos de tinta e impresoras, supone m\u00e1s del 1,5% del presupuesto anual de su empresa. Gracias a APEN, su empresa podr\u00e1 reducir este coste hasta un 30%, solo en costes de cartucho y de impresoras, sin contar el mantenimiento y reparaci\u00f3n de impresoras que puedan requerir de esta ayuda, durante su vida \u00fatil.<\/p>","protected":false},"excerpt":{"rendered":"<p>La amplia experiencia tecnol\u00f3gica de las impresoras Konica Minolta es una de las caracter\u00edsticas m\u00e1s destacadas. Es una multinacional japonesa que naci\u00f3 en 2003 por la fusi\u00f3n de las empresas Konica y Minolta, cuya historia se remonta al a\u00f1o 1873, cuando comenzaron a fabricarse materiales fotogr\u00e1ficos en&nbsp;Jap\u00f3n. De hecho, ambas empresas eran conocidas por sus&#8230;<\/p>","protected":false},"author":4,"featured_media":0,"parent":1158,"menu_order":0,"comment_status":"closed","ping_status":"closed","template":"page-renting-impresoras.php","meta":{"_acf_changed":false,"_kad_blocks_custom_css":"","_kad_blocks_head_custom_js":"","_kad_blocks_body_custom_js":"","_kad_blocks_footer_custom_js":"","_kad_post_transparent":"","_kad_post_title":"","_kad_post_layout":"","_kad_post_sidebar_id":"","_kad_post_content_style":"","_kad_post_vertical_padding":"","_kad_post_feature":"","_kad_post_feature_position":"","_kad_post_header":false,"_kad_post_footer":false,"_kad_post_classname":"","footnotes":""},"class_list":["post-5197","page","type-page","status-publish","hentry"],"acf":[],"taxonomy_info":[],"featured_image_src_large":false,"author_info":{"display_name":"marqueting","author_link":"https:\/\/apen.onlinevalles.club\/ca\/blog\/author\/marqueting\/"},"comment_info":0,"_links":{"self":[{"href":"https:\/\/apen.onlinevalles.club\/ca\/wp-json\/wp\/v2\/pages\/5197","targetHints":{"allow":["GET"]}}],"collection":[{"href":"https:\/\/apen.onlinevalles.club\/ca\/wp-json\/wp\/v2\/pages"}],"about":[{"href":"https:\/\/apen.onlinevalles.club\/ca\/wp-json\/wp\/v2\/types\/page"}],"author":[{"embeddable":true,"href":"https:\/\/apen.onlinevalles.club\/ca\/wp-json\/wp\/v2\/users\/4"}],"replies":[{"embeddable":true,"href":"https:\/\/apen.onlinevalles.club\/ca\/wp-json\/wp\/v2\/comments?post=5197"}],"version-history":[{"count":4,"href":"https:\/\/apen.onlinevalles.club\/ca\/wp-json\/wp\/v2\/pages\/5197\/revisions"}],"predecessor-version":[{"id":54877,"href":"https:\/\/apen.onlinevalles.club\/ca\/wp-json\/wp\/v2\/pages\/5197\/revisions\/54877"}],"up":[{"embeddable":true,"href":"https:\/\/apen.onlinevalles.club\/ca\/wp-json\/wp\/v2\/pages\/1158"}],"wp:attachment":[{"href":"https:\/\/apen.onlinevalles.club\/ca\/wp-json\/wp\/v2\/media?parent=5197"}],"curies":[{"name":"wp","href":"https:\/\/api.w.org\/{rel}","templated":true}]}}