{"id":12459,"date":"2018-12-18T16:38:49","date_gmt":"2018-12-18T16:38:49","guid":{"rendered":"https:\/\/apen.onlinevalles.club\/?page_id=12459"},"modified":"2025-05-23T08:11:14","modified_gmt":"2025-05-23T08:11:14","slug":"renting-granollers","status":"publish","type":"page","link":"https:\/\/apen.onlinevalles.club\/ca\/multifuncion\/renting-multifuncion-oki\/renting-granollers\/","title":{"rendered":"R\u00e8nting multifunci\u00f3 OKI Granollers"},"content":{"rendered":"<p>En Apen&nbsp;<strong>Granollers<\/strong>&nbsp;queremos hablarte sobre el servicio de&nbsp;<strong>renting multifunci\u00f3n OKI<\/strong>, para que conozcas todas las ventajas que puede aportar a tu empresa desde el primer d\u00eda. No deber\u00e1s preocuparte por nada, porque nosotros realizamos la instalaci\u00f3n y la configuraci\u00f3n del equipo y t\u00fa s\u00f3lo deber\u00e1s pagar los folios y el consumo el\u00e9ctrico de la impresora.<\/p>\n\n\n\n<p>Y no s\u00f3lo eso, si no que se trata de un servicio global, porque en Apen tambi\u00e9n nos ocupamos del mantenimiento, el recambio de piezas y consumibles, asistencia t\u00e9cnica en menos de 4 horas, asesoramiento, reparaci\u00f3n, pr\u00e9stamo de equipo en caso de aver\u00eda, etc.<\/p>\n\n\n\n<p>El&nbsp;<strong>renting multifunci\u00f3n OKI<\/strong>&nbsp;d&#039;Apen&nbsp;<strong>Granollers<\/strong>&nbsp;se presenta como una propuesta innovadora, pr\u00e1ctica, c\u00f3moda, justa y sostenible, ya que el cliente es m\u00e1s consciente de lo que imprime y de lo que gasta, adem\u00e1s de no tener que pagar ning\u00fan coste adicional.<\/p>\n\n\n\n<p>Adem\u00e1s de este servicio de alquiler de impresoras polivalentes de \u00faltima generaci\u00f3n, tambi\u00e9n te proponemos otro tipo de servicios multifuncionales muy pr\u00e1cticos para la gesti\u00f3n empresarial, como es el software a3ERP de Apen. Consiste en un programa que unifica todos los departamentos para poder controlar y supervisar el trabajo de una forma m\u00e1s efectiva, eficiente, productiva y c\u00f3moda.<\/p>\n\n\n\n<p>Contamos con nuestra sede principal en&nbsp;<strong>Granollers<\/strong>, en el Vall\u00e8s Oriental. Pero prestamos nuestros servicios en toda la provincia de Barcelona y a nivel nacional, gracias a una amplia red de colaboradores. El&nbsp;<strong>renting multifunci\u00f3n OKI<\/strong>&nbsp;d&#039;Apen&nbsp;<strong>Granollers<\/strong>&nbsp;est\u00e1 obteniendo muy buenos resultados en todas las empresas en las que lo hemos instalado. Todas ellas disfrutan de grandes y beneficiosas ventajas y han notado un considerable ahorro econ\u00f3mico en sus gastos anuales.<\/p>\n\n\n\n<p>En Apen tenemos muy claros cu\u00e1les son nuestros valores y en primer lugar est\u00e1 la satisfacci\u00f3n del cliente, por ello formulamos propuestas personalizadas despu\u00e9s de hacer un estudio previo de las necesidades reales de cada empresa. Adem\u00e1s, prestamos un asesoramiento permanente a todos los clientes que lo precisen, ofreciendo un servicio y un producto de alt\u00edsima calidad a un precio muy razonable y ajustado. Ofrecemos muchas opciones eficaces para mejorar la gesti\u00f3n empresarial como el&nbsp;<strong>renting multifunci\u00f3n OKI<\/strong>&nbsp;a&nbsp;<strong>Granollers<\/strong>.<\/p>\n\n\n\n<p>Trabajamos con marcas l\u00edderes en el sector, para garantizar siempre el mejor resultado posible en todos nuestros trabajos. Despu\u00e9s de 25 a\u00f1os sumando experiencias, conocemos perfectamente cu\u00e1l puede ser la mejor soluci\u00f3n para cada caso, gracias a la formaci\u00f3n constante de nuestro equipo t\u00e9cnico especializado.<\/p>\n\n\n\n<p>Para conocernos mejor, te invitamos a que eches un vistazo a nuestra p\u00e1gina web donde encontrar\u00e1s este y otros muchos servicios, dedicados a mejorar la gesti\u00f3n empresarial de la empresa, as\u00ed como un blog que actualizamos peri\u00f3dicamente para mantenerte al d\u00eda de todo lo relacionado con la inform\u00e1tica y la tecnolog\u00eda.<\/p>","protected":false},"excerpt":{"rendered":"<p>En Apen&nbsp;Granollers&nbsp;queremos hablarte sobre el servicio de&nbsp;renting multifunci\u00f3n OKI, para que conozcas todas las ventajas que puede aportar a tu empresa desde el primer d\u00eda. No deber\u00e1s preocuparte por nada, porque nosotros realizamos la instalaci\u00f3n y la configuraci\u00f3n del equipo y t\u00fa s\u00f3lo deber\u00e1s pagar los folios y el consumo el\u00e9ctrico de la impresora. Y&#8230;<\/p>","protected":false},"author":4,"featured_media":0,"parent":12393,"menu_order":0,"comment_status":"closed","ping_status":"closed","template":"page-renting-impresoras.php","meta":{"_acf_changed":false,"_kad_blocks_custom_css":"","_kad_blocks_head_custom_js":"","_kad_blocks_body_custom_js":"","_kad_blocks_footer_custom_js":"","_kad_post_transparent":"","_kad_post_title":"","_kad_post_layout":"","_kad_post_sidebar_id":"","_kad_post_content_style":"","_kad_post_vertical_padding":"","_kad_post_feature":"","_kad_post_feature_position":"","_kad_post_header":false,"_kad_post_footer":false,"_kad_post_classname":"","footnotes":""},"class_list":["post-12459","page","type-page","status-publish","hentry"],"acf":[],"taxonomy_info":[],"featured_image_src_large":false,"author_info":{"display_name":"marqueting","author_link":"https:\/\/apen.onlinevalles.club\/ca\/blog\/author\/marqueting\/"},"comment_info":0,"_links":{"self":[{"href":"https:\/\/apen.onlinevalles.club\/ca\/wp-json\/wp\/v2\/pages\/12459","targetHints":{"allow":["GET"]}}],"collection":[{"href":"https:\/\/apen.onlinevalles.club\/ca\/wp-json\/wp\/v2\/pages"}],"about":[{"href":"https:\/\/apen.onlinevalles.club\/ca\/wp-json\/wp\/v2\/types\/page"}],"author":[{"embeddable":true,"href":"https:\/\/apen.onlinevalles.club\/ca\/wp-json\/wp\/v2\/users\/4"}],"replies":[{"embeddable":true,"href":"https:\/\/apen.onlinevalles.club\/ca\/wp-json\/wp\/v2\/comments?post=12459"}],"version-history":[{"count":4,"href":"https:\/\/apen.onlinevalles.club\/ca\/wp-json\/wp\/v2\/pages\/12459\/revisions"}],"predecessor-version":[{"id":54827,"href":"https:\/\/apen.onlinevalles.club\/ca\/wp-json\/wp\/v2\/pages\/12459\/revisions\/54827"}],"up":[{"embeddable":true,"href":"https:\/\/apen.onlinevalles.club\/ca\/wp-json\/wp\/v2\/pages\/12393"}],"wp:attachment":[{"href":"https:\/\/apen.onlinevalles.club\/ca\/wp-json\/wp\/v2\/media?parent=12459"}],"curies":[{"name":"wp","href":"https:\/\/api.w.org\/{rel}","templated":true}]}}